{"id":5,"date":"2015-05-25T09:53:27","date_gmt":"2015-05-25T09:53:27","guid":{"rendered":"http:\/\/clone.kycs.ca\/?page_id=5"},"modified":"2026-01-08T23:49:31","modified_gmt":"2026-01-08T23:49:31","slug":"home","status":"publish","type":"page","link":"https:\/\/kycs.ca\/fr\/","title":{"rendered":"Accueil"},"content":{"rendered":"<div class=\"row services_wrapper\" ><div class=\"container\"><div class=\"row row-edge\">\n<div class=\"col-xs-12 col-sm-12 col-md-4 col-lg-4 col-xs-offset-0 col-sm-offset-0 col-md-offset-0 col-lg-offset-0 col-xs-pull-0 col-sm-pull-0 col-md-pull-0 col-lg-pull-0 col-xs-push-0 col-sm-push-0 col-md-push-0 col-lg-push-0 custom_box\">\n<div class=\"motopress-service-box-obj motopress-service-box-centered motopress-service-box-basic\"><div class=\"motopress-service-box-icon-section motopress-service-box-small-icon\"  style=\" padding-left: 0px; padding-right: 0px; padding-top: 0px; padding-bottom: 14px;\"><div class=\"motopress-service-box-icon-holder\"  style=\" font-size: 60px;\"><i class=\"fa fa-map-marker\"  style=\" color: #2c2b2b;\"><\/i><\/div><\/div><div class=\"motopress-service-box-heading-section\"><h2>KYCS<br \/>\nLocate<\/h2><\/div><div class=\"motopress-service-box-content-section\">\n<p>Syst\u00e8me de R\u00e9cup\u00e9ration de Vol<br \/>\nSuivi des Actifs de Grande Valeur<\/p>\n<\/div><div class=\"motopress-service-box-button-section motopress-text-align-center\"><a href=\"https:\/\/kycs.ca\/fr\/kycs_locate_info\/\" class=\"motopress-btn motopress-btn-size-middle motopress-btn-rounded\" rel=\"\"  style=\" color: #2c2b2b;\">Apprenez-en<\/a><\/div><\/div>\n<\/div>\n<div class=\"col-xs-12 col-sm-12 col-md-4 col-lg-4 col-xs-offset-0 col-sm-offset-0 col-md-offset-0 col-lg-offset-0 col-xs-pull-0 col-sm-pull-0 col-md-pull-0 col-lg-pull-0 col-xs-push-0 col-sm-push-0 col-md-push-0 col-lg-push-0 custom_box\">\n<div class=\"motopress-service-box-obj motopress-service-box-centered motopress-service-box-basic\"><div class=\"motopress-service-box-icon-section motopress-service-box-small-icon\"  style=\" padding-left: 0px; padding-right: 0px; padding-top: 0px; padding-bottom: 14px;\"><div class=\"motopress-service-box-icon-holder\"  style=\" font-size: 60px;\"><i class=\"fa fa-automobile\"  style=\" color: #2c2b2b;\"><\/i><\/div><\/div><div class=\"motopress-service-box-heading-section\"><h2>Crime Stoppers<br \/>\nID<\/p>\n<p><\/h2><\/div><div class=\"motopress-service-box-content-section\">\n<p>Supercharge your vehicle marking program. Increase market share &amp; penetration rates.<\/p>\n<\/div><div class=\"motopress-service-box-button-section motopress-text-align-center\"><a href=\"https:\/\/kycs.ca\/fr\/id\/\" class=\"motopress-btn motopress-btn-size-middle motopress-btn-rounded\" rel=\"\"  style=\" color: #2c2b2b;\">Apprenez-en<\/a><\/div><\/div>\n<\/div>\n<div class=\"col-xs-12 col-sm-12 col-md-4 col-lg-4 col-xs-offset-0 col-sm-offset-0 col-md-offset-0 col-lg-offset-0 col-xs-pull-0 col-sm-pull-0 col-md-pull-0 col-lg-pull-0 col-xs-push-0 col-sm-push-0 col-md-push-0 col-lg-push-0 custom_box\">\n<div class=\"motopress-service-box-obj motopress-service-box-centered motopress-service-box-basic\"><div class=\"motopress-service-box-icon-section motopress-service-box-small-icon\"  style=\" padding-left: 0px; padding-right: 0px; padding-top: 0px; padding-bottom: 14px;\"><div class=\"motopress-service-box-icon-holder\"  style=\" font-size: 60px;\"><i class=\"fa fa-bluetooth-b mp-text-color-black\" ><\/i><\/div><\/div><div class=\"motopress-service-box-heading-section\"><h2>Identification<br \/>\nBluetooth<\/h2><\/div><div class=\"motopress-service-box-content-section\">\n<p>Nous cr\u00e9ons des solutions IoT avec des outils en ligne innovants et puissants<\/p>\n<\/div><div class=\"motopress-service-box-button-section motopress-text-align-center\"><a href=\"http:\/\/kycs.ca\/fr\/kycspro\/\" class=\"motopress-btn motopress-btn-size-middle motopress-btn-rounded\" rel=\"\"  style=\" color: #2c2b2b;\">Apprenez-en<\/a><\/div><\/div>\n<\/div>\n<\/div><\/div><\/div>\n<div class=\"row row-edge\" >\n<div class=\"col-md-12 col-xs-offset-0 col-sm-offset-0 col-md-offset-0 col-lg-offset-0 col-xs-pull-0 col-sm-pull-0 col-md-pull-0 col-lg-pull-0 col-xs-push-0 col-sm-push-0 col-md-push-0 col-lg-push-0\">\n<div class=\"motopress-image-obj motopress-text-align-center\"><img decoding=\"async\" src=\"https:\/\/kycs.ca\/wp-content\/uploads\/2020\/08\/CarLineup.png\" title=\"LOT Protect\" alt=\"LOT Protect\" class=\"motopress-image-obj-basic mpce-dsbl-margin-left mpce-dsbl-margin-right mpce-dsbl-margin-top mpce-dsbl-margin-bottom\" \/><\/div>\n<\/div>\n<\/div>\n<div class=\"row\" ><div class=\"container\"><div class=\"row row-edge\">\n<div class=\"col-md-12 col-xs-offset-0 col-sm-offset-0 col-md-offset-0 col-lg-offset-0 col-xs-pull-0 col-sm-pull-0 col-md-pull-0 col-lg-pull-0 col-xs-push-0 col-sm-push-0 col-md-push-0 col-lg-push-0\">\n<div class=\"row row-edge\" >\n<div class=\"col-md-12 col-xs-offset-0 col-sm-offset-0 col-md-offset-0 col-lg-offset-0 col-xs-pull-0 col-sm-pull-0 col-md-pull-0 col-lg-pull-0 col-xs-push-0 col-sm-push-0 col-md-push-0 col-lg-push-0\">\n<div class=\"title-box  motopress-margin-bottom-0 title_box-300\"><div class=\"title-box_content\"><h2 class=\"title-box_title\">OEM APPROVED <\/h2><h4 class=\"title-box_subtitle\">Theft - Recovery System <\/h4><\/div><\/div>\n<\/div>\n<\/div>\n<div class=\"row row-edge\" >\n<div class=\"col-md-12 col-xs-offset-0 col-sm-offset-0 col-md-offset-0 col-lg-offset-0 col-xs-pull-0 col-sm-pull-0 col-md-pull-0 col-lg-pull-0 col-xs-push-0 col-sm-push-0 col-md-push-0 col-lg-push-0\">\n<div class=\"motopress-text-obj motopress-margin-left-100 motopress-margin-right-100\">\n<p>Most advanced theft &#8211; recovery system in North America<\/p>\n<p>&nbsp;<\/p>\n<\/div>\n<\/div>\n<\/div>\n<\/div>\n<\/div><\/div><\/div>\n<div class=\"row\" ><div class=\"container\"><div class=\"row row-edge\">\n<div class=\"col-md-12 col-xs-offset-0 col-sm-offset-0 col-md-offset-0 col-lg-offset-0 col-xs-pull-0 col-sm-pull-0 col-md-pull-0 col-lg-pull-0 col-xs-push-0 col-sm-push-0 col-md-push-0 col-lg-push-0\">\n<div class=\"title-box   title_box-384\"><div class=\"title-box_content\"><h2 class=\"title-box_title\">Gestion de l'inventaire pour les Concessionnaires <\/h2><h4 class=\"title-box_subtitle\">Gestion de l'Inventaire, Protection des Lots et R\u00e9cup\u00e9ration Contre le Vol<\/h4><\/div><\/div>\n<\/div>\n<\/div><\/div><\/div>\n<div class=\"row row-edge\" >\n<div class=\"col-md-12 col-xs-offset-0 col-sm-offset-0 col-md-offset-0 col-lg-offset-0 col-xs-pull-0 col-sm-pull-0 col-md-pull-0 col-lg-pull-0 col-xs-push-0 col-sm-push-0 col-md-push-0 col-lg-push-0\">\n<div class=\"row row-edge\" >\n<div class=\"col-md-12 col-xs-offset-0 col-sm-offset-0 col-md-offset-0 col-lg-offset-0 col-xs-pull-0 col-sm-pull-0 col-md-pull-0 col-lg-pull-0 col-xs-push-0 col-sm-push-0 col-md-push-0 col-lg-push-0\">\n<div class=\"motopress-text-obj motopress-margin-left-100 motopress-margin-right-100\">\n<p style=\"text-align: center;\"><span style=\"font-family: T3Font_1, sans-serif; font-size: 11pt;\">Les syst\u00e8mes de localisation en temps r\u00e9el permettent aux entreprises de comprendre et d'utiliser efficacement leurs actifs,<\/span><\/p>\n<p>rendre les op\u00e9rations quotidiennes plus transparentes tout en optimisant les processus.<\/p>\n<\/div>\n<\/div>\n<\/div>\n<div class=\"row row-edge  mpce-prvt-5-62799ea4ae374\" >\n<div class=\"col-md-12 col-xs-offset-0 col-sm-offset-0 col-md-offset-0 col-lg-offset-0 col-xs-pull-0 col-sm-pull-0 col-md-pull-0 col-lg-pull-0 col-xs-push-0 col-sm-push-0 col-md-push-0 col-lg-push-0\">\n<a class=\"cherry-btn cherry-btn-primary cherry-btn-medium cherry-btn-inline cherry-btn-fade\" target=\"_self\" href=\"https:\/\/kycs.ca\/fr\/kycs_locate_info\/\">Apprenez-en<\/a>\n<\/div>\n<\/div>\n<\/div>\n<\/div>\n<div class=\"row skill_wrapper for_sidebar_wrapper\" ><div class=\"cherry-box   box-366\"><div class=\"inner\"><div class=\"container\"><div class=\"row row-edge\">\n<div class=\"col-md-12 col-xs-offset-0 col-sm-offset-0 col-md-offset-0 col-lg-offset-0 col-xs-pull-0 col-sm-pull-0 col-md-pull-0 col-lg-pull-0 col-xs-push-0 col-sm-push-0 col-md-push-0 col-lg-push-0\">\n<div class=\"row row-edge\" >\n<div class=\"col-md-12 col-xs-offset-0 col-sm-offset-0 col-md-offset-0 col-lg-offset-0 col-xs-pull-0 col-sm-pull-0 col-md-pull-0 col-lg-pull-0 col-xs-push-0 col-sm-push-0 col-md-push-0 col-lg-push-0\">\n<div class=\"cherry-spacer   hidden-xs hidden-sm\" style=\"height:50px;\"><\/div><div class=\"cherry-spacer   visible-sm-block\" style=\"height:50px;\"><\/div><div class=\"cherry-spacer   visible-xs-block\" style=\"height:50px;\"><\/div>\n<\/div>\n<\/div>\n<div class=\"row row-edge\" >\n<div class=\"col-xs-12 col-sm-12 col-md-3 col-lg-3 col-xs-offset-0 col-sm-offset-0 col-md-offset-0 col-lg-offset-0 col-xs-pull-0 col-sm-pull-0 col-md-pull-0 col-lg-pull-0 col-xs-push-0 col-sm-push-0 col-md-push-0 col-lg-push-0\">\n<div class=\"motopress-code-obj\">\n<p style=\"text-align: center;\"><div class=\"title-box   title_box-149\"><div class=\"title-box_content\"><h2 class=\"title-box_title\">1<\/h2><h4 class=\"title-box_subtitle\">Visibilit\u00e9<\/h4><\/div><\/div>\n<\/div>\n<\/div>\n<div class=\"col-xs-12 col-sm-12 col-md-3 col-lg-3 col-xs-offset-0 col-sm-offset-0 col-md-offset-0 col-lg-offset-0 col-xs-pull-0 col-sm-pull-0 col-md-pull-0 col-lg-pull-0 col-xs-push-0 col-sm-push-0 col-md-push-0 col-lg-push-0\">\n<div class=\"motopress-code-obj\">\n<p style=\"text-align: center;\"><div class=\"title-box   title_box-113\"><div class=\"title-box_content\"><h2 class=\"title-box_title\">2<\/h2><h4 class=\"title-box_subtitle\">S\u00e9curit\u00e9<\/h4><\/div><\/div>\n<\/div>\n<\/div>\n<div class=\"col-xs-12 col-sm-12 col-md-3 col-lg-3 col-xs-offset-0 col-sm-offset-0 col-md-offset-0 col-lg-offset-0 col-xs-pull-0 col-sm-pull-0 col-md-pull-0 col-lg-pull-0 col-xs-push-0 col-sm-push-0 col-md-push-0 col-lg-push-0\">\n<div class=\"motopress-code-obj\">\n<p style=\"text-align: center;\"><div class=\"title-box   title_box-643\"><div class=\"title-box_content\"><h2 class=\"title-box_title\">3<\/h2><h4 class=\"title-box_subtitle\">Contr\u00f4le<\/h4><\/div><\/div>\n<\/div>\n<\/div>\n<div class=\"col-xs-12 col-sm-12 col-md-3 col-lg-3 col-xs-offset-0 col-sm-offset-0 col-md-offset-0 col-lg-offset-0 col-xs-pull-0 col-sm-pull-0 col-md-pull-0 col-lg-pull-0 col-xs-push-0 col-sm-push-0 col-md-push-0 col-lg-push-0\">\n<div class=\"motopress-code-obj\">\n<p style=\"text-align: center;\"><div class=\"title-box   title_box-874\"><div class=\"title-box_content\"><h2 class=\"title-box_title\">4<\/h2><h4 class=\"title-box_subtitle\">Livr\u00e9<\/h4><\/div><\/div>\n<\/div>\n<\/div>\n<\/div>\n<div class=\"row row-edge\" >\n<div class=\"col-md-12 col-xs-offset-0 col-sm-offset-0 col-md-offset-0 col-lg-offset-0 col-xs-pull-0 col-sm-pull-0 col-md-pull-0 col-lg-pull-0 col-xs-push-0 col-sm-push-0 col-md-push-0 col-lg-push-0\">\n<div class=\"cherry-spacer   hidden-xs hidden-sm\" style=\"height:50px;\"><\/div><div class=\"cherry-spacer   visible-sm-block\" style=\"height:50px;\"><\/div><div class=\"cherry-spacer   visible-xs-block\" style=\"height:50px;\"><\/div>\n<\/div>\n<\/div>\n<\/div>\n<\/div><\/div><\/div><\/div><\/div>\n<div class=\"row\" ><div class=\"container\"><div class=\"row row-edge\">\n<div class=\"col-md-12 col-xs-offset-0 col-sm-offset-0 col-md-offset-0 col-lg-offset-0 col-xs-pull-0 col-sm-pull-0 col-md-pull-0 col-lg-pull-0 col-xs-push-0 col-sm-push-0 col-md-push-0 col-lg-push-0\">\n<div class=\"row row-edge\" >\n<div class=\"col-md-12 col-xs-offset-0 col-sm-offset-0 col-md-offset-0 col-lg-offset-0 col-xs-pull-0 col-sm-pull-0 col-md-pull-0 col-lg-pull-0 col-xs-push-0 col-sm-push-0 col-md-push-0 col-lg-push-0\">\n<div class=\"testimonials-wrap template-testimonials_custom\"><div class=\"testimonials-list\"><\/div><\/div>\n<\/div>\n<\/div>\n<div class=\"row row-edge\" >\n<div class=\"col-md-12 col-xs-offset-0 col-sm-offset-0 col-md-offset-0 col-lg-offset-0 col-xs-pull-0 col-sm-pull-0 col-md-pull-0 col-lg-pull-0 col-xs-push-0 col-sm-push-0 col-md-push-0 col-lg-push-0\">\n<div class=\"motopress-text-obj\">\n<h2>Nos partenaires<\/h2>\n<\/div>\n<\/div>\n<\/div>\n<\/div>\n<\/div><\/div><\/div>\n<div class=\"row\" ><div class=\"cherry-box   box-611\"><div class=\"inner\"><div class=\"container-fluid\"><div class=\"row row-edge\">\n<div class=\"col-md-12 col-xs-offset-0 col-sm-offset-0 col-md-offset-0 col-lg-offset-0 col-xs-pull-0 col-sm-pull-0 col-md-pull-0 col-lg-pull-0 col-xs-push-0 col-sm-push-0 col-md-push-0 col-lg-push-0\">\n<div class=\"row row-edge\" >\n<div class=\"col-md-3 col-xs-offset-0 col-sm-offset-0 col-md-offset-0 col-lg-offset-0 col-xs-pull-0 col-sm-pull-0 col-md-pull-0 col-lg-pull-0 col-xs-push-0 col-sm-push-0 col-md-push-0 col-lg-push-0\">\n<div class=\"motopress-image-obj motopress-text-align-center\"><img decoding=\"async\" src=\"https:\/\/kycs.ca\/wp-content\/uploads\/2021\/02\/Crime-Stoppers-USA.jpg\" title=\"Crime-Stoppers-USA\" alt=\"Crime-Stoppers-USA\" class=\"motopress-image-obj-basic mpce-dsbl-margin-left mpce-dsbl-margin-right mpce-dsbl-margin-top mpce-dsbl-margin-bottom\" \/><\/div>\n<\/div>\n<div class=\"col-md-3 col-xs-offset-0 col-sm-offset-0 col-md-offset-0 col-lg-offset-0 col-xs-pull-0 col-sm-pull-0 col-md-pull-0 col-lg-pull-0 col-xs-push-0 col-sm-push-0 col-md-push-0 col-lg-push-0\">\n<div class=\"motopress-image-obj motopress-text-align-left\"><img decoding=\"async\" src=\"https:\/\/kycs.ca\/wp-content\/uploads\/2021\/04\/French-Crime-Stoppers.png\" title=\"\u00c9chec au crime\" alt=\"CrimeStoppers\" class=\"motopress-image-obj-basic mpce-dsbl-margin-left mpce-dsbl-margin-right mpce-dsbl-margin-top mpce-dsbl-margin-bottom\" \/><\/div>\n<\/div>\n<div class=\"col-md-3 col-xs-offset-0 col-sm-offset-0 col-md-offset-0 col-lg-offset-0 col-xs-pull-0 col-sm-pull-0 col-md-pull-0 col-lg-pull-0 col-xs-push-0 col-sm-push-0 col-md-push-0 col-lg-push-0\">\n<div class=\"motopress-image-obj motopress-text-align-left\"><img decoding=\"async\" src=\"https:\/\/kycs.ca\/wp-content\/uploads\/2021\/04\/French-RVDA.png\" title=\"Rvda-Canada\" alt=\"Rvda-Cananda\" class=\"motopress-image-obj-basic mpce-dsbl-margin-left mpce-dsbl-margin-right mpce-dsbl-margin-top mpce-dsbl-margin-bottom\" \/><\/div>\n<\/div>\n<div class=\"col-md-3 col-xs-offset-0 col-sm-offset-0 col-md-offset-0 col-lg-offset-0 col-xs-pull-0 col-sm-pull-0 col-md-pull-0 col-lg-pull-0 col-xs-push-0 col-sm-push-0 col-md-push-0 col-lg-push-0\">\n<div class=\"motopress-image-obj motopress-text-align-left\"><img decoding=\"async\" src=\"https:\/\/kycs.ca\/wp-content\/uploads\/2021\/02\/Rvda-USA.jpg\" title=\"Rvda-USA\" alt=\"Rvda-USA\" class=\"motopress-image-obj-basic mpce-dsbl-margin-left mpce-dsbl-margin-right mpce-dsbl-margin-top mpce-dsbl-margin-bottom\" \/><\/div>\n<\/div>\n<\/div>\n<\/div>\n<\/div><\/div><\/div><\/div><\/div>\n<div class=\"row row-edge\" >\n<div class=\"col-md-12 col-xs-offset-0 col-sm-offset-0 col-md-offset-0 col-lg-offset-0 col-xs-pull-0 col-sm-pull-0 col-md-pull-0 col-lg-pull-0 col-xs-push-0 col-sm-push-0 col-md-push-0 col-lg-push-0\">\n<div class=\"row row-edge\" >\n<div class=\"col-md-4 col-xs-offset-0 col-sm-offset-0 col-md-offset-0 col-lg-offset-0 col-xs-pull-0 col-sm-pull-0 col-md-pull-0 col-lg-pull-0 col-xs-push-0 col-sm-push-0 col-md-push-0 col-lg-push-0\">\n<div class=\"motopress-image-obj motopress-text-align-center\"><img decoding=\"async\" src=\"https:\/\/kycs.ca\/wp-content\/uploads\/2021\/02\/Say-It-Here.jpg\" title=\"Say-It-Here\" alt=\"Say-It-Here\" class=\"motopress-image-obj-basic mpce-dsbl-margin-left mpce-dsbl-margin-right mpce-dsbl-margin-top mpce-dsbl-margin-bottom\" \/><\/div>\n<\/div>\n<div class=\"col-md-4 col-xs-offset-0 col-sm-offset-0 col-md-offset-0 col-lg-offset-0 col-xs-pull-0 col-sm-pull-0 col-md-pull-0 col-lg-pull-0 col-xs-push-0 col-sm-push-0 col-md-push-0 col-lg-push-0\">\n<div class=\"motopress-image-obj motopress-text-align-center\"><img decoding=\"async\" src=\"https:\/\/kycs.ca\/wp-content\/uploads\/2021\/04\/rvrasolidrvs.jpg\" title=\"rvrasolidrvs\" alt=\"rvrasolidrvs\" class=\"motopress-image-obj-basic mpce-dsbl-margin-left mpce-dsbl-margin-right mpce-dsbl-margin-top mpce-dsbl-margin-bottom\" \/><\/div>\n<\/div>\n<div class=\"col-md-4 col-xs-offset-0 col-sm-offset-0 col-md-offset-0 col-lg-offset-0 col-xs-pull-0 col-sm-pull-0 col-md-pull-0 col-lg-pull-0 col-xs-push-0 col-sm-push-0 col-md-push-0 col-lg-push-0\">\n<div class=\"motopress-image-obj motopress-text-align-left\"><img decoding=\"async\" src=\"https:\/\/kycs.ca\/wp-content\/uploads\/2021\/04\/French-Torch-1.png\" title=\"Torch-Run\" alt=\"Torch-Run\" class=\"motopress-image-obj-basic mpce-dsbl-margin-left mpce-dsbl-margin-right mpce-dsbl-margin-top mpce-dsbl-margin-bottom\" \/><\/div>\n<\/div>\n<\/div>\n<\/div>\n<\/div>","protected":false},"excerpt":{"rendered":"KYCS Locate Theft Recovery System. Tracking for High Value Assets. read more Crime Stoppers ID Supercharge your vehicle marking program. Increase market share &amp; penetration rates. read more Bluetooth Identification We create IoT solutions with innovative and powerful online tools. read more OEM APPROVED Theft &#8211; Recovery System Most advanced theft &#8211; recovery system in","protected":false},"author":18,"featured_media":0,"parent":0,"menu_order":0,"comment_status":"closed","ping_status":"closed","template":"","meta":{"footnotes":""},"_links":{"self":[{"href":"https:\/\/kycs.ca\/fr\/wp-json\/wp\/v2\/pages\/5"}],"collection":[{"href":"https:\/\/kycs.ca\/fr\/wp-json\/wp\/v2\/pages"}],"about":[{"href":"https:\/\/kycs.ca\/fr\/wp-json\/wp\/v2\/types\/page"}],"author":[{"embeddable":true,"href":"https:\/\/kycs.ca\/fr\/wp-json\/wp\/v2\/users\/18"}],"replies":[{"embeddable":true,"href":"https:\/\/kycs.ca\/fr\/wp-json\/wp\/v2\/comments?post=5"}],"version-history":[{"count":292,"href":"https:\/\/kycs.ca\/fr\/wp-json\/wp\/v2\/pages\/5\/revisions"}],"predecessor-version":[{"id":5098,"href":"https:\/\/kycs.ca\/fr\/wp-json\/wp\/v2\/pages\/5\/revisions\/5098"}],"wp:attachment":[{"href":"https:\/\/kycs.ca\/fr\/wp-json\/wp\/v2\/media?parent=5"}],"curies":[{"name":"wp","href":"https:\/\/api.w.org\/{rel}","templated":true}]}}