{"id":43,"date":"2015-05-25T12:10:30","date_gmt":"2015-05-25T12:10:30","guid":{"rendered":"http:\/\/clone.kycs.ca\/?page_id=43"},"modified":"2025-01-09T22:13:49","modified_gmt":"2025-01-09T22:13:49","slug":"services","status":"publish","type":"page","link":"https:\/\/kycs.ca\/fr\/services\/","title":{"rendered":"Services"},"content":{"rendered":"<div data-elementor-type=\"wp-post\" data-elementor-id=\"43\" class=\"elementor elementor-43\">\n\t\t\t\t\t\t<div class=\"elementor-inner\">\n\t\t\t\t<div class=\"elementor-section-wrap\">\n\t\t\t\t\t\t\t\t\t<section class=\"elementor-section elementor-top-section elementor-element elementor-element-77201fc elementor-section-content-middle elementor-section-boxed elementor-section-height-default elementor-section-height-default elementor-invisible\" data-id=\"77201fc\" data-element_type=\"section\" data-settings=\"{&quot;animation&quot;:&quot;fadeIn&quot;,&quot;animation_delay&quot;:0}\">\n\t\t\t\t\t\t<div class=\"elementor-container elementor-column-gap-narrow\">\n\t\t\t\t\t\t\t<div class=\"elementor-row\">\n\t\t\t\t\t<div class=\"elementor-column elementor-col-50 elementor-top-column elementor-element elementor-element-1e1d1f3\" data-id=\"1e1d1f3\" data-element_type=\"column\">\n\t\t\t<div class=\"elementor-column-wrap elementor-element-populated\">\n\t\t\t\t\t\t\t<div class=\"elementor-widget-wrap\">\n\t\t\t\t\t\t<div class=\"elementor-element elementor-element-99d1f01 elementor-widget elementor-widget-image\" data-id=\"99d1f01\" data-element_type=\"widget\" data-widget_type=\"image.default\">\n\t\t\t\t<div class=\"elementor-widget-container\">\n\t\t\t\t\t\t\t\t<div class=\"elementor-image\">\n\t\t\t\t\t\t\t\t\t\t\t\t<img loading=\"lazy\" decoding=\"async\" width=\"1024\" height=\"612\" src=\"https:\/\/kycs.ca\/wp-content\/uploads\/2020\/05\/camper-trailer-7-1024x612.jpg\" class=\"attachment-large size-large wp-image-2306\" alt=\"\" srcset=\"https:\/\/kycs.ca\/wp-content\/uploads\/2020\/05\/camper-trailer-7-1024x612.jpg 1024w, https:\/\/kycs.ca\/wp-content\/uploads\/2020\/05\/camper-trailer-7-300x179.jpg 300w, https:\/\/kycs.ca\/wp-content\/uploads\/2020\/05\/camper-trailer-7-768x459.jpg 768w, https:\/\/kycs.ca\/wp-content\/uploads\/2020\/05\/camper-trailer-7-e1633957727925.jpg 800w\" sizes=\"(max-width: 1024px) 100vw, 1024px\" \/>\t\t\t\t\t\t\t\t\t\t\t\t\t\t<\/div>\n\t\t\t\t\t\t<\/div>\n\t\t\t\t<\/div>\n\t\t\t\t\t\t<\/div>\n\t\t\t\t\t<\/div>\n\t\t<\/div>\n\t\t\t\t<div class=\"elementor-column elementor-col-50 elementor-top-column elementor-element elementor-element-942791f\" data-id=\"942791f\" data-element_type=\"column\">\n\t\t\t<div class=\"elementor-column-wrap elementor-element-populated\">\n\t\t\t\t\t\t\t<div class=\"elementor-widget-wrap\">\n\t\t\t\t\t\t<div class=\"elementor-element elementor-element-44859a3 elementor-widget elementor-widget-image\" data-id=\"44859a3\" data-element_type=\"widget\" data-widget_type=\"image.default\">\n\t\t\t\t<div class=\"elementor-widget-container\">\n\t\t\t\t\t\t\t\t<div class=\"elementor-image\">\n\t\t\t\t\t\t\t\t\t\t\t\t<img loading=\"lazy\" decoding=\"async\" width=\"500\" height=\"150\" src=\"https:\/\/kycs.ca\/wp-content\/uploads\/2020\/02\/Logo_LOCATE_.png\" class=\"attachment-medium_large size-medium_large wp-image-2157\" alt=\"\" srcset=\"https:\/\/kycs.ca\/wp-content\/uploads\/2020\/02\/Logo_LOCATE_.png 500w, https:\/\/kycs.ca\/wp-content\/uploads\/2020\/02\/Logo_LOCATE_-300x90.png 300w\" sizes=\"(max-width: 500px) 100vw, 500px\" \/>\t\t\t\t\t\t\t\t\t\t\t\t\t\t<\/div>\n\t\t\t\t\t\t<\/div>\n\t\t\t\t<\/div>\n\t\t\t\t<div class=\"elementor-element elementor-element-90527dd elementor-widget elementor-widget-text-editor\" data-id=\"90527dd\" data-element_type=\"widget\" data-widget_type=\"text-editor.default\">\n\t\t\t\t<div class=\"elementor-widget-container\">\n\t\t\t\t\t\t\t\t<div class=\"elementor-text-editor elementor-clearfix\">\n\t\t\t\t<h3>Syst\u00e8me de R\u00e9cup\u00e9ration de Vol<\/h3>\t\t\t\t\t<\/div>\n\t\t\t\t\t\t<\/div>\n\t\t\t\t<\/div>\n\t\t\t\t<div class=\"elementor-element elementor-element-40624ab elementor-button-danger elementor-align-center elementor-mobile-align-center elementor-widget elementor-widget-button\" data-id=\"40624ab\" data-element_type=\"widget\" data-widget_type=\"button.default\">\n\t\t\t\t<div class=\"elementor-widget-container\">\n\t\t\t\t\t<div class=\"elementor-button-wrapper\">\n\t\t\t<a href=\"https:\/\/kycs.ca\/fr\/kycs_locate_info\/\" class=\"elementor-button-link elementor-button elementor-size-xs elementor-animation-grow\" role=\"button\">\n\t\t\t\t\t\t<span class=\"elementor-button-content-wrapper\">\n\t\t\t\t\t\t<span class=\"elementor-button-text\">Apprenez-en<\/span>\n\t\t<\/span>\n\t\t\t\t\t<\/a>\n\t\t<\/div>\n\t\t\t\t<\/div>\n\t\t\t\t<\/div>\n\t\t\t\t\t\t<\/div>\n\t\t\t\t\t<\/div>\n\t\t<\/div>\n\t\t\t\t\t\t\t\t<\/div>\n\t\t\t\t\t<\/div>\n\t\t<\/section>\n\t\t\t\t<section class=\"elementor-section elementor-top-section elementor-element elementor-element-bde9dfd elementor-section-boxed elementor-section-height-default elementor-section-height-default\" data-id=\"bde9dfd\" data-element_type=\"section\">\n\t\t\t\t\t\t<div class=\"elementor-container elementor-column-gap-narrow\">\n\t\t\t\t\t\t\t<div class=\"elementor-row\">\n\t\t\t\t\t<div class=\"elementor-column elementor-col-50 elementor-top-column elementor-element elementor-element-63e4135\" data-id=\"63e4135\" data-element_type=\"column\">\n\t\t\t<div class=\"elementor-column-wrap elementor-element-populated\">\n\t\t\t\t\t\t\t<div class=\"elementor-widget-wrap\">\n\t\t\t\t\t\t<div class=\"elementor-element elementor-element-37d2ecc elementor-widget elementor-widget-image\" data-id=\"37d2ecc\" data-element_type=\"widget\" data-widget_type=\"image.default\">\n\t\t\t\t<div class=\"elementor-widget-container\">\n\t\t\t\t\t\t\t\t<div class=\"elementor-image\">\n\t\t\t\t\t\t\t\t\t\t\t\t<img loading=\"lazy\" decoding=\"async\" width=\"550\" height=\"374\" src=\"https:\/\/kycs.ca\/wp-content\/uploads\/2022\/01\/Product3.jpg\" class=\"attachment-full size-full wp-image-3232\" alt=\"\" srcset=\"https:\/\/kycs.ca\/wp-content\/uploads\/2022\/01\/Product3.jpg 550w, https:\/\/kycs.ca\/wp-content\/uploads\/2022\/01\/Product3-300x204.jpg 300w, https:\/\/kycs.ca\/wp-content\/uploads\/2022\/01\/Product3-18x12.jpg 18w\" sizes=\"(max-width: 550px) 100vw, 550px\" \/>\t\t\t\t\t\t\t\t\t\t\t\t\t\t<\/div>\n\t\t\t\t\t\t<\/div>\n\t\t\t\t<\/div>\n\t\t\t\t\t\t<\/div>\n\t\t\t\t\t<\/div>\n\t\t<\/div>\n\t\t\t\t<div class=\"elementor-column elementor-col-50 elementor-top-column elementor-element elementor-element-7cafc93\" data-id=\"7cafc93\" data-element_type=\"column\">\n\t\t\t<div class=\"elementor-column-wrap elementor-element-populated\">\n\t\t\t\t\t\t\t<div class=\"elementor-widget-wrap\">\n\t\t\t\t\t\t<div class=\"elementor-element elementor-element-ec04766 elementor-widget elementor-widget-image\" data-id=\"ec04766\" data-element_type=\"widget\" data-widget_type=\"image.default\">\n\t\t\t\t<div class=\"elementor-widget-container\">\n\t\t\t\t\t\t\t\t<div class=\"elementor-image\">\n\t\t\t\t\t\t\t\t\t\t\t\t<img loading=\"lazy\" decoding=\"async\" width=\"300\" height=\"153\" src=\"https:\/\/kycs.ca\/wp-content\/uploads\/2022\/05\/Crime-Stoppers-ID-Logo-2-png-300x153.png\" class=\"attachment-medium size-medium wp-image-3401\" alt=\"\" srcset=\"https:\/\/kycs.ca\/wp-content\/uploads\/2022\/05\/Crime-Stoppers-ID-Logo-2-png-300x153.png 300w, https:\/\/kycs.ca\/wp-content\/uploads\/2022\/05\/Crime-Stoppers-ID-Logo-2-png-768x393.png 768w, https:\/\/kycs.ca\/wp-content\/uploads\/2022\/05\/Crime-Stoppers-ID-Logo-2-png-18x9.png 18w, https:\/\/kycs.ca\/wp-content\/uploads\/2022\/05\/Crime-Stoppers-ID-Logo-2-png.png 802w\" sizes=\"(max-width: 300px) 100vw, 300px\" \/>\t\t\t\t\t\t\t\t\t\t\t\t\t\t<\/div>\n\t\t\t\t\t\t<\/div>\n\t\t\t\t<\/div>\n\t\t\t\t<div class=\"elementor-element elementor-element-efe2ecc elementor-widget elementor-widget-text-editor\" data-id=\"efe2ecc\" data-element_type=\"widget\" data-widget_type=\"text-editor.default\">\n\t\t\t\t<div class=\"elementor-widget-container\">\n\t\t\t\t\t\t\t\t<div class=\"elementor-text-editor elementor-clearfix\">\n\t\t\t\t<h4>Wireless Identification<\/h4>\t\t\t\t\t<\/div>\n\t\t\t\t\t\t<\/div>\n\t\t\t\t<\/div>\n\t\t\t\t<div class=\"elementor-element elementor-element-0a94c61 elementor-button-danger elementor-align-center elementor-widget elementor-widget-button\" data-id=\"0a94c61\" data-element_type=\"widget\" data-widget_type=\"button.default\">\n\t\t\t\t<div class=\"elementor-widget-container\">\n\t\t\t\t\t<div class=\"elementor-button-wrapper\">\n\t\t\t<a href=\"https:\/\/kycs.ca\/fr\/id\/\" class=\"elementor-button-link elementor-button elementor-size-xs elementor-animation-grow\" role=\"button\">\n\t\t\t\t\t\t<span class=\"elementor-button-content-wrapper\">\n\t\t\t\t\t\t<span class=\"elementor-button-text\">Apprenez-en<\/span>\n\t\t<\/span>\n\t\t\t\t\t<\/a>\n\t\t<\/div>\n\t\t\t\t<\/div>\n\t\t\t\t<\/div>\n\t\t\t\t\t\t<\/div>\n\t\t\t\t\t<\/div>\n\t\t<\/div>\n\t\t\t\t\t\t\t\t<\/div>\n\t\t\t\t\t<\/div>\n\t\t<\/section>\n\t\t\t\t<section class=\"elementor-section elementor-top-section elementor-element elementor-element-6d646e6 elementor-section-boxed elementor-section-height-default elementor-section-height-default\" data-id=\"6d646e6\" data-element_type=\"section\">\n\t\t\t\t\t\t<div class=\"elementor-container elementor-column-gap-narrow\">\n\t\t\t\t\t\t\t<div class=\"elementor-row\">\n\t\t\t\t\t<div class=\"elementor-column elementor-col-50 elementor-top-column elementor-element elementor-element-ee24499\" data-id=\"ee24499\" data-element_type=\"column\">\n\t\t\t<div class=\"elementor-column-wrap elementor-element-populated\">\n\t\t\t\t\t\t\t<div class=\"elementor-widget-wrap\">\n\t\t\t\t\t\t<div class=\"elementor-element elementor-element-d9084a4 elementor-widget elementor-widget-image\" data-id=\"d9084a4\" data-element_type=\"widget\" data-widget_type=\"image.default\">\n\t\t\t\t<div class=\"elementor-widget-container\">\n\t\t\t\t\t\t\t\t<div class=\"elementor-image\">\n\t\t\t\t\t\t\t\t\t\t\t\t<img loading=\"lazy\" decoding=\"async\" width=\"500\" height=\"150\" src=\"https:\/\/kycs.ca\/wp-content\/uploads\/2020\/02\/Logos_ZONE_.png\" class=\"attachment-large size-large wp-image-2159\" alt=\"\" srcset=\"https:\/\/kycs.ca\/wp-content\/uploads\/2020\/02\/Logos_ZONE_.png 500w, https:\/\/kycs.ca\/wp-content\/uploads\/2020\/02\/Logos_ZONE_-300x90.png 300w\" sizes=\"(max-width: 500px) 100vw, 500px\" \/>\t\t\t\t\t\t\t\t\t\t\t\t\t\t<\/div>\n\t\t\t\t\t\t<\/div>\n\t\t\t\t<\/div>\n\t\t\t\t<div class=\"elementor-element elementor-element-3460419 elementor-widget elementor-widget-text-editor\" data-id=\"3460419\" data-element_type=\"widget\" data-widget_type=\"text-editor.default\">\n\t\t\t\t<div class=\"elementor-widget-container\">\n\t\t\t\t\t\t\t\t<div class=\"elementor-text-editor elementor-clearfix\">\n\t\t\t\t<h3>Lot Management &amp; Theft Recovery\u00a0<\/h3>\t\t\t\t\t<\/div>\n\t\t\t\t\t\t<\/div>\n\t\t\t\t<\/div>\n\t\t\t\t<div class=\"elementor-element elementor-element-85663ad elementor-button-danger elementor-align-center elementor-widget elementor-widget-button\" data-id=\"85663ad\" data-element_type=\"widget\" data-widget_type=\"button.default\">\n\t\t\t\t<div class=\"elementor-widget-container\">\n\t\t\t\t\t<div class=\"elementor-button-wrapper\">\n\t\t\t<a href=\"https:\/\/kycs.ca\/fr\/zone-ic\/\" class=\"elementor-button-link elementor-button elementor-size-xs elementor-animation-grow\" role=\"button\">\n\t\t\t\t\t\t<span class=\"elementor-button-content-wrapper\">\n\t\t\t\t\t\t<span class=\"elementor-button-text\">Apprenez-en<\/span>\n\t\t<\/span>\n\t\t\t\t\t<\/a>\n\t\t<\/div>\n\t\t\t\t<\/div>\n\t\t\t\t<\/div>\n\t\t\t\t\t\t<\/div>\n\t\t\t\t\t<\/div>\n\t\t<\/div>\n\t\t\t\t<div class=\"elementor-column elementor-col-50 elementor-top-column elementor-element elementor-element-78fc77f\" data-id=\"78fc77f\" data-element_type=\"column\">\n\t\t\t<div class=\"elementor-column-wrap elementor-element-populated\">\n\t\t\t\t\t\t\t<div class=\"elementor-widget-wrap\">\n\t\t\t\t\t\t<div class=\"elementor-element elementor-element-3c82db3 elementor-widget elementor-widget-image\" data-id=\"3c82db3\" data-element_type=\"widget\" data-widget_type=\"image.default\">\n\t\t\t\t<div class=\"elementor-widget-container\">\n\t\t\t\t\t\t\t\t<div class=\"elementor-image\">\n\t\t\t\t\t\t\t\t\t\t\t\t<img loading=\"lazy\" decoding=\"async\" width=\"768\" height=\"532\" src=\"https:\/\/kycs.ca\/wp-content\/uploads\/2019\/11\/Locate-screen-shot-with-app-768x532.png\" class=\"attachment-medium_large size-medium_large wp-image-1980\" alt=\"\" srcset=\"https:\/\/kycs.ca\/wp-content\/uploads\/2019\/11\/Locate-screen-shot-with-app-768x532.png 768w, https:\/\/kycs.ca\/wp-content\/uploads\/2019\/11\/Locate-screen-shot-with-app-300x208.png 300w, https:\/\/kycs.ca\/wp-content\/uploads\/2019\/11\/Locate-screen-shot-with-app-1024x710.png 1024w, https:\/\/kycs.ca\/wp-content\/uploads\/2019\/11\/Locate-screen-shot-with-app-320x222.png 320w\" sizes=\"(max-width: 768px) 100vw, 768px\" \/>\t\t\t\t\t\t\t\t\t\t\t\t\t\t<\/div>\n\t\t\t\t\t\t<\/div>\n\t\t\t\t<\/div>\n\t\t\t\t\t\t<\/div>\n\t\t\t\t\t<\/div>\n\t\t<\/div>\n\t\t\t\t\t\t\t\t<\/div>\n\t\t\t\t\t<\/div>\n\t\t<\/section>\n\t\t\t\t\t\t\t\t\t<\/div>\n\t\t\t<\/div>\n\t\t\t\t\t<\/div>","protected":false},"excerpt":{"rendered":"Theft Recovery System Learn More Wireless Identification Learn More Lot Management &amp; Theft Recovery\u00a0 Learn More","protected":false},"author":18,"featured_media":0,"parent":0,"menu_order":3,"comment_status":"closed","ping_status":"closed","template":"","meta":{"footnotes":""},"_links":{"self":[{"href":"https:\/\/kycs.ca\/fr\/wp-json\/wp\/v2\/pages\/43"}],"collection":[{"href":"https:\/\/kycs.ca\/fr\/wp-json\/wp\/v2\/pages"}],"about":[{"href":"https:\/\/kycs.ca\/fr\/wp-json\/wp\/v2\/types\/page"}],"author":[{"embeddable":true,"href":"https:\/\/kycs.ca\/fr\/wp-json\/wp\/v2\/users\/18"}],"replies":[{"embeddable":true,"href":"https:\/\/kycs.ca\/fr\/wp-json\/wp\/v2\/comments?post=43"}],"version-history":[{"count":105,"href":"https:\/\/kycs.ca\/fr\/wp-json\/wp\/v2\/pages\/43\/revisions"}],"predecessor-version":[{"id":4898,"href":"https:\/\/kycs.ca\/fr\/wp-json\/wp\/v2\/pages\/43\/revisions\/4898"}],"wp:attachment":[{"href":"https:\/\/kycs.ca\/fr\/wp-json\/wp\/v2\/media?parent=43"}],"curies":[{"name":"wp","href":"https:\/\/api.w.org\/{rel}","templated":true}]}}